{"id":550,"date":"2023-09-03T22:19:43","date_gmt":"2023-09-03T20:19:43","guid":{"rendered":"http:\/\/vitalraum.co.at\/content\/"},"modified":"2024-01-29T16:28:47","modified_gmt":"2024-01-29T15:28:47","slug":"qigong","status":"publish","type":"page","link":"https:\/\/vitalraum.co.at\/content\/aktuelle-kurse\/qigong\/","title":{"rendered":"Qigong mit Gerheide"},"content":{"rendered":"<p>Qigong nennen die Chinesen die Kunst, die Lebenskraft (Qi) zu erhalten und zu pflegen. Einfache Bewegungsabl\u00e4ufe verbinden K\u00f6rper, Atem und Vorstellungskraft. Die sanften Bewegungen beruhigen und st\u00e4rken den gesamten Organismus, schaffen allgemeines Wohlbefinden und wirken positiv auf den Geist. Der Kurs ist auch f\u00fcr Menschen mit k\u00f6rperlichen und\/oder psychischen Problemen geeignet.<\/p>\n<p><img loading=\"lazy\" decoding=\"async\" class=\"alignleft size-full wp-image-280\" title=\"Moravec\" src=\"https:\/\/vitalraum.co.at\/content\/wp-content\/uploads\/2010\/06\/moravec_qigong.jpg\" alt=\"Moravec\" width=\"116\" height=\"116\" \/><strong>Kursleitung: Gerheide Moravec <\/strong><\/p>\n<h3><\/h3>\n<p>Kurszeiten: Mi 9:30-11:00, Fr 18:00-19:30<\/p>\n<p>die neuen Kurse starten am 14.2.2024<\/p>\n<p>Kurskosten:<\/p>\n<p>Schnupperstunde und Einzelbezahlung 18,-\/5er Block 80,-\/10er Block 150,-<\/p>\n","protected":false},"excerpt":{"rendered":"<p>Qigong nennen die Chinesen die Kunst, die Lebenskraft (Qi) zu erhalten und zu pflegen. Einfache Bewegungsabl\u00e4ufe verbinden K\u00f6rper, Atem und Vorstellungskraft. Die sanften Bewegungen beruhigen und st\u00e4rken den gesamten Organismus, schaffen allgemeines Wohlbefinden und wirken positiv auf den Geist. Der<\/p>\n","protected":false},"author":2,"featured_media":0,"parent":537,"menu_order":50,"comment_status":"closed","ping_status":"closed","template":"","meta":{"footnotes":""},"class_list":["post-550","page","type-page","status-publish","hentry"],"_links":{"self":[{"href":"https:\/\/vitalraum.co.at\/content\/wp-json\/wp\/v2\/pages\/550","targetHints":{"allow":["GET"]}}],"collection":[{"href":"https:\/\/vitalraum.co.at\/content\/wp-json\/wp\/v2\/pages"}],"about":[{"href":"https:\/\/vitalraum.co.at\/content\/wp-json\/wp\/v2\/types\/page"}],"author":[{"embeddable":true,"href":"https:\/\/vitalraum.co.at\/content\/wp-json\/wp\/v2\/users\/2"}],"replies":[{"embeddable":true,"href":"https:\/\/vitalraum.co.at\/content\/wp-json\/wp\/v2\/comments?post=550"}],"version-history":[{"count":12,"href":"https:\/\/vitalraum.co.at\/content\/wp-json\/wp\/v2\/pages\/550\/revisions"}],"predecessor-version":[{"id":3551,"href":"https:\/\/vitalraum.co.at\/content\/wp-json\/wp\/v2\/pages\/550\/revisions\/3551"}],"up":[{"embeddable":true,"href":"https:\/\/vitalraum.co.at\/content\/wp-json\/wp\/v2\/pages\/537"}],"wp:attachment":[{"href":"https:\/\/vitalraum.co.at\/content\/wp-json\/wp\/v2\/media?parent=550"}],"curies":[{"name":"wp","href":"https:\/\/api.w.org\/{rel}","templated":true}]}}