{"id":3443,"date":"2023-08-23T14:10:15","date_gmt":"2023-08-23T12:10:15","guid":{"rendered":"https:\/\/vitalraum.co.at\/content\/?page_id=3443"},"modified":"2025-02-17T09:00:06","modified_gmt":"2025-02-17T08:00:06","slug":"qigong-basis","status":"publish","type":"page","link":"https:\/\/vitalraum.co.at\/content\/aktuelle-kurse\/qigong-basis\/","title":{"rendered":"Qigong Basis mit Renate"},"content":{"rendered":"\n<p>Starte mit Qigong in einen guten neuen Tag !<\/p>\n\n\n\n<p>Wir mobilisieren sanft unseren K\u00f6rper<\/p>\n\n\n\n<p>Energie kann (wieder) flie\u00dfen<\/p>\n\n\n\n<p><br>f\u00fcr jedes Alter geeignet<\/p>\n\n\n\n<p>keine Vorkenntnisse erforderlich<\/p>\n\n\n\n<p><br><strong>jeden Donnerstag 9:00-10:00<\/strong><\/p>\n\n\n\n<p>10er Block: 120,00<\/p>\n\n\n\n<p><strong> <\/strong><\/p>\n\n\n\n<figure class=\"wp-block-video\"><video controls src=\"https:\/\/vitalraum.co.at\/content\/wp-content\/uploads\/2023\/08\/Renate-Qigong-nut-Text-und-Ton-weiss.mp4\"><\/video><\/figure>\n","protected":false},"excerpt":{"rendered":"<p>Starte mit Qigong in einen guten neuen Tag ! Wir mobilisieren sanft unseren K\u00f6rper Energie kann (wieder) flie\u00dfen f\u00fcr jedes Alter geeignet keine Vorkenntnisse erforderlich jeden Donnerstag 9:00-10:00 10er Block: 120,00<\/p>\n","protected":false},"author":5,"featured_media":0,"parent":537,"menu_order":30,"comment_status":"closed","ping_status":"closed","template":"","meta":{"footnotes":""},"class_list":["post-3443","page","type-page","status-publish","hentry"],"_links":{"self":[{"href":"https:\/\/vitalraum.co.at\/content\/wp-json\/wp\/v2\/pages\/3443","targetHints":{"allow":["GET"]}}],"collection":[{"href":"https:\/\/vitalraum.co.at\/content\/wp-json\/wp\/v2\/pages"}],"about":[{"href":"https:\/\/vitalraum.co.at\/content\/wp-json\/wp\/v2\/types\/page"}],"author":[{"embeddable":true,"href":"https:\/\/vitalraum.co.at\/content\/wp-json\/wp\/v2\/users\/5"}],"replies":[{"embeddable":true,"href":"https:\/\/vitalraum.co.at\/content\/wp-json\/wp\/v2\/comments?post=3443"}],"version-history":[{"count":8,"href":"https:\/\/vitalraum.co.at\/content\/wp-json\/wp\/v2\/pages\/3443\/revisions"}],"predecessor-version":[{"id":3727,"href":"https:\/\/vitalraum.co.at\/content\/wp-json\/wp\/v2\/pages\/3443\/revisions\/3727"}],"up":[{"embeddable":true,"href":"https:\/\/vitalraum.co.at\/content\/wp-json\/wp\/v2\/pages\/537"}],"wp:attachment":[{"href":"https:\/\/vitalraum.co.at\/content\/wp-json\/wp\/v2\/media?parent=3443"}],"curies":[{"name":"wp","href":"https:\/\/api.w.org\/{rel}","templated":true}]}}