{"id":2653,"date":"2019-05-01T15:35:38","date_gmt":"2019-05-01T13:35:38","guid":{"rendered":"http:\/\/vitalraum.co.at\/content\/?page_id=2653"},"modified":"2026-03-11T20:35:57","modified_gmt":"2026-03-11T19:35:57","slug":"aktuelles","status":"publish","type":"page","link":"https:\/\/vitalraum.co.at\/content\/aktuelles\/","title":{"rendered":"Aktuelles"},"content":{"rendered":"\n<figure class=\"wp-block-image size-large\"><img decoding=\"async\" src=\"https:\/\/vitalraum.co.at\/content\/wp-content\/uploads\/2026\/03\/Workshops-Frau_Sein-Fruehling-2026-scaled.jpg\" alt=\"\"\/><\/figure>\n\n\n\n<h2 class=\"wp-block-heading\"><a href=\"https:\/\/vitalraum.co.at\/content\/wp-admin\/post.php?post=3716&amp;action=view\">Unser N\u00e4chstes Frauen-Treffen mit Eva Eisenhut<\/a><\/h2>\n\n\n\n<h1 class=\"wp-block-heading\">ist am 24. Feber 2026 zur gewohnten Zeit 19 &#8211; 21 Uhr im Vitalraum<\/h1>\n\n\n\n<figure class=\"wp-block-image size-large\"><img decoding=\"async\" src=\"https:\/\/vitalraum.co.at\/content\/wp-content\/uploads\/2025\/02\/Eva-Frauenkreis-2026-1.png\" alt=\"\"\/><\/figure>\n\n\n\n<hr class=\"wp-block-separator has-alpha-channel-opacity is-style-wide\"\/>\n\n\n\n<figure class=\"wp-block-image size-large is-resized\"><img decoding=\"async\" src=\"https:\/\/vitalraum.co.at\/content\/wp-content\/uploads\/2026\/01\/QiGong-2026.jpg\" alt=\"\" style=\"width:637px;height:auto\"\/><\/figure>\n\n\n\n<h2 class=\"wp-block-heading\"><\/h2>\n\n\n\n<p>vergangene Termine<\/p>\n\n\n\n<h2 class=\"wp-block-heading\"><a href=\"https:\/\/vitalraum.co.at\/content\/wp-admin\/post.php?post=3716&amp;action=view\">Unser N\u00e4chstes Frauen-Treffen<\/a>: <\/h2>\n\n\n\n<h2 class=\"wp-block-heading\"><strong>n\u00e4chstes Treffen ist am 27. J\u00e4nner 2026 zur gewohnten Zeit 19:00 &#8211; 21:00<\/strong><\/h2>\n\n\n\n<div class=\"wp-block-columns alignwide is-layout-flex wp-container-core-columns-is-layout-9d6595d7 wp-block-columns-is-layout-flex\">\n<div class=\"wp-block-column is-layout-flow wp-block-column-is-layout-flow\" style=\"flex-basis:100%\"><\/div>\n<\/div>\n\n\n\n<h2 class=\"wp-block-heading\">unser aktuelles Thema: Masken in Kunst und Alltag<\/h2>\n\n\n\n<h2 class=\"wp-block-heading\">Wie sehe ich mich ? wie sehen mich die Anderen ?<\/h2>\n\n\n\n<figure class=\"wp-block-image size-large is-resized is-style-default\"><img decoding=\"async\" src=\"https:\/\/vitalraum.co.at\/content\/wp-content\/uploads\/2026\/01\/Renate-mit-Maske.jpeg\" alt=\"\" style=\"width:446px;height:auto\"\/><\/figure>\n\n\n\n<p>Alle News erf\u00e4hrst Du im Newsletter. Schon angemeldet ? <\/p>\n\n\n\n<p><\/p>\n","protected":false},"excerpt":{"rendered":"<p>Unser N\u00e4chstes Frauen-Treffen mit Eva Eisenhut ist am 24. Feber 2026 zur gewohnten Zeit 19 &#8211; 21 Uhr im Vitalraum vergangene Termine Unser N\u00e4chstes Frauen-Treffen: n\u00e4chstes Treffen ist am 27. J\u00e4nner 2026 zur gewohnten Zeit 19:00 &#8211; 21:00 unser aktuelles<\/p>\n","protected":false},"author":5,"featured_media":0,"parent":0,"menu_order":30,"comment_status":"closed","ping_status":"closed","template":"","meta":{"footnotes":""},"class_list":["post-2653","page","type-page","status-publish","hentry"],"_links":{"self":[{"href":"https:\/\/vitalraum.co.at\/content\/wp-json\/wp\/v2\/pages\/2653","targetHints":{"allow":["GET"]}}],"collection":[{"href":"https:\/\/vitalraum.co.at\/content\/wp-json\/wp\/v2\/pages"}],"about":[{"href":"https:\/\/vitalraum.co.at\/content\/wp-json\/wp\/v2\/types\/page"}],"author":[{"embeddable":true,"href":"https:\/\/vitalraum.co.at\/content\/wp-json\/wp\/v2\/users\/5"}],"replies":[{"embeddable":true,"href":"https:\/\/vitalraum.co.at\/content\/wp-json\/wp\/v2\/comments?post=2653"}],"version-history":[{"count":15,"href":"https:\/\/vitalraum.co.at\/content\/wp-json\/wp\/v2\/pages\/2653\/revisions"}],"predecessor-version":[{"id":3887,"href":"https:\/\/vitalraum.co.at\/content\/wp-json\/wp\/v2\/pages\/2653\/revisions\/3887"}],"wp:attachment":[{"href":"https:\/\/vitalraum.co.at\/content\/wp-json\/wp\/v2\/media?parent=2653"}],"curies":[{"name":"wp","href":"https:\/\/api.w.org\/{rel}","templated":true}]}}