{"id":191,"date":"2010-06-28T23:06:48","date_gmt":"2010-06-28T21:06:48","guid":{"rendered":"http:\/\/vitalraum.co.at\/content\/"},"modified":"2024-01-29T16:39:59","modified_gmt":"2024-01-29T15:39:59","slug":"bachbluten","status":"publish","type":"page","link":"https:\/\/vitalraum.co.at\/content\/aktuelles\/bachbluten\/","title":{"rendered":"Bachbl\u00fcten"},"content":{"rendered":"<h5><a href=\"https:\/\/vitalraum.co.at\/content\/vitalangebote\/bachbluten\/ringelbl-2\/\" rel=\"attachment wp-att-2338\"><img loading=\"lazy\" decoding=\"async\" class=\"alignnone size-full wp-image-2338\" title=\"ringelbl\" src=\"https:\/\/vitalraum.co.at\/content\/wp-content\/uploads\/2010\/06\/ringelbl1.jpg\" alt=\"\" width=\"392\" height=\"116\" \/><\/a><\/h5>\n<p>Bachbl\u00fctenberatung:<\/p>\n<p>Ich stellle Dir gerne Deine ganz individuelle Bachbl\u00fctenmischung zusammen.<\/p>\n<p>ab 22.2.2024 jeden Donnerstag 10.15-12.00<\/p>\n<p>oder nach telefonischer Vereinbarung unter 0699 10290916<\/p>\n<h3>Dr. Edward Bach,<\/h3>\n<p>Arzt und Bakteriologe, lebte und wirkte um 1930 in England.<br \/>\nEr besa\u00df die Gabe, intuitiv das Wesen von Pflanzen zu erfassen und gewann in Selbstversuchen Erkenntnisse \u00fcber die Korrelation zwischen seelischen Befindlichkeiten und pflanzlichen Wirkkr\u00e4ften.<br \/>\nUm das Wesen einer Pflanze zu extrahieren, gen\u00fcgt es, ihre Schwingung auf Wasser zu \u00fcbertragen. Das geschieht meist mit Hilfe von Sonnenenergie.<\/p>\n<p>Wir kennen 38 klassische Bachbl\u00fcten. In der Zwischenzeit sind unz\u00e4hlige andere Bl\u00fctenessenzen entdeckt worden ( z.B. Australische, Kalifornische, Orchideen ), trotzdem haben Bachbl\u00fcten nichts an ihrer Aktualit\u00e4t verloren. Jede einzelne Bachbl\u00fcte entspricht einem archetypischen Verhalten oder Empfinden.<\/p>\n<h3>Eingesetzt werden Bachbl\u00fcten z.B. bei<\/h3>\n<ul>\n<li>verschiedenen Angstzust\u00e4nden,<\/li>\n<li>Unsicherheit,<\/li>\n<li>Unentschlossenheit,<\/li>\n<li>Zorn,<\/li>\n<li>Trauer,<\/li>\n<li>Panik,<\/li>\n<li>Depression,<\/li>\n<li>Geltungsdrang,<\/li>\n<li>Hass,<\/li>\n<li>Sorge,<\/li>\n<li>starren Denkmustern,<\/li>\n<li>Ersch\u00f6pfung.<\/li>\n<\/ul>\n<p>Die Einnahme der passenden Bl\u00fctenessenz bewirkt eine Harmonisierung auf der seelischen und feinstofflichen Ebene, so dass die k\u00f6rperlichen Symptome verschwinden.<br \/>\nDie Auswahl kann spontan durch &#8220; ziehen&#8220;, auspendeln und\/oder durch Befragung erfolgen.<br \/>\nEine Mischung sollte nicht mehr als sechs Bl\u00fcten beinhalten und wird 4xtgl. zu 4 Tropfen eingenommen, bzw in der Wasserglasmethode, bei der 4 Tropfen in ein Glas mit Wasser kommen, wovon\u00a0 man schluckweise trinkt, bis die Symptome abklingen.<\/p>\n<h4>Kinder, Tiere und auch Pflanzen sprechen sehr gut auf eine Behandlung mit Bachbl\u00fcten an.<\/h4>\n<p>Bachbl\u00fcten werden auch in Cremeform, Globuli, Pastillen oder als Badezusatz angeboten.<br \/>\nSie k\u00f6nnen sich auch selbst einen ganz pers\u00f6nlichen Auraspray mischen, &#8220; Ihre &#8220; Bachbl\u00fcte im Garten pflanzen&#8230; Lassen Sie Ihre Phantasie spielen !<\/p>\n<h4>Die bekannteste Mischung, die Notfallstropfen, hat bereits Dr. Bach entwickelt:<\/h4>\n<p>Die Mischung aus 5 verschiedenen Bl\u00fcten ist f\u00fcr alle seelischen und k\u00f6rperlichen Notf\u00e4lle geeignet, sie hilft, einen klaren Kopf zu bewahren und die richtigen Entscheidungen zu treffen.<br \/>\nEine andere bew\u00e4hrte Standardmischung hilft in Pr\u00fcfungssituationen<br \/>\nmit L\u00e4rche f\u00fcr mehr Selbstbewu\u00dftsein<br \/>\nClematis bei geistiger Abwesenheit<br \/>\nWhite Chestnut f\u00fcr bessere Konzentration<br \/>\nElm bei dem vor\u00fcbergehenden Gef\u00fchl, einer Aufgabe nicht gewachsen zu sein und<br \/>\nGentian gegen Zweifel und Entmutigung<\/p>\n<h4>Es besteht keinerlei Gefahr einer \u00dcberdosierung, Nebenwirkungen wurden keine beobachtet.<\/h4>\n<p>Wir beraten Sie gerne und stellen Ihre passende Bachbl\u00fctenmischung zusammen.<\/p>\n","protected":false},"excerpt":{"rendered":"<p>Bachbl\u00fctenberatung: Ich stellle Dir gerne Deine ganz individuelle Bachbl\u00fctenmischung zusammen. ab 22.2.2024 jeden Donnerstag 10.15-12.00 oder nach telefonischer Vereinbarung unter 0699 10290916 Dr. Edward Bach, Arzt und Bakteriologe, lebte und wirkte um 1930 in England. Er besa\u00df die Gabe, intuitiv<\/p>\n","protected":false},"author":1,"featured_media":0,"parent":2653,"menu_order":0,"comment_status":"closed","ping_status":"closed","template":"","meta":{"footnotes":""},"class_list":["post-191","page","type-page","status-publish","hentry"],"_links":{"self":[{"href":"https:\/\/vitalraum.co.at\/content\/wp-json\/wp\/v2\/pages\/191","targetHints":{"allow":["GET"]}}],"collection":[{"href":"https:\/\/vitalraum.co.at\/content\/wp-json\/wp\/v2\/pages"}],"about":[{"href":"https:\/\/vitalraum.co.at\/content\/wp-json\/wp\/v2\/types\/page"}],"author":[{"embeddable":true,"href":"https:\/\/vitalraum.co.at\/content\/wp-json\/wp\/v2\/users\/1"}],"replies":[{"embeddable":true,"href":"https:\/\/vitalraum.co.at\/content\/wp-json\/wp\/v2\/comments?post=191"}],"version-history":[{"count":9,"href":"https:\/\/vitalraum.co.at\/content\/wp-json\/wp\/v2\/pages\/191\/revisions"}],"predecessor-version":[{"id":3556,"href":"https:\/\/vitalraum.co.at\/content\/wp-json\/wp\/v2\/pages\/191\/revisions\/3556"}],"up":[{"embeddable":true,"href":"https:\/\/vitalraum.co.at\/content\/wp-json\/wp\/v2\/pages\/2653"}],"wp:attachment":[{"href":"https:\/\/vitalraum.co.at\/content\/wp-json\/wp\/v2\/media?parent=191"}],"curies":[{"name":"wp","href":"https:\/\/api.w.org\/{rel}","templated":true}]}}