{"id":142,"date":"2010-06-28T01:13:21","date_gmt":"2010-06-27T23:13:21","guid":{"rendered":"http:\/\/vitalraum.co.at\/content\/"},"modified":"2023-07-12T08:47:39","modified_gmt":"2023-07-12T06:47:39","slug":"anfahrt","status":"publish","type":"page","link":"https:\/\/vitalraum.co.at\/content\/vitalraum\/anfahrt\/","title":{"rendered":"Anfahrt"},"content":{"rendered":"<p><a href=\"https:\/\/vitalraum.co.at\/content\/vitalraum\/anfahrt\/anfahrt_honey-bees\/\" rel=\"attachment wp-att-2323\"><img loading=\"lazy\" decoding=\"async\" class=\"alignnone size-full wp-image-2323\" title=\"anfahrt_honey-bees\" src=\"https:\/\/vitalraum.co.at\/content\/wp-content\/uploads\/2010\/06\/anfahrt_honey-bees.jpg\" alt=\"\" width=\"392\" height=\"116\" \/><\/a><\/p>\n<h3>Sie erreichen uns:<\/h3>\n<ul>\n<li><strong>Bus 232: <\/strong> Floridsdorf, Franz Jonasplatz \u2013 Langenzersdorf Hauptplatz (11min)<\/li>\n<li><strong>S &#8211; Bahn:<\/strong> Floridsdorf, Bahnhof \u2013 Langenzersdorf (11min)<\/li>\n<li><strong>KFZ:<\/strong> B3 (Korneuburger Stra\u00dfe \/ Wiener Stra\u00dfe)<\/li>\n<\/ul>\n<p>An der Hauptstra\u00dfe von Langenzersdorf entlang,<br \/>\nvis-a-vis von B\u00fccherei und Gemeindeamt,<br \/>\nam Hauptplatz Nr. 7, links von der Apotheke, da sind wir zu finden.<\/p>\n<p><img loading=\"lazy\" decoding=\"async\" class=\"alignnone size-full wp-image-725\" title=\"anfahrtsplan_gr\" src=\"https:\/\/vitalraum.co.at\/content\/wp-content\/uploads\/2010\/06\/anfahrtsplan_gr1.png\" alt=\"\" width=\"392\" height=\"392\" srcset=\"https:\/\/vitalraum.co.at\/content\/wp-content\/uploads\/2010\/06\/anfahrtsplan_gr1.png 784w, https:\/\/vitalraum.co.at\/content\/wp-content\/uploads\/2010\/06\/anfahrtsplan_gr1-116x116.png 116w, https:\/\/vitalraum.co.at\/content\/wp-content\/uploads\/2010\/06\/anfahrtsplan_gr1-400x400.png 400w\" sizes=\"auto, (max-width: 392px) 100vw, 392px\" \/><\/p>\n","protected":false},"excerpt":{"rendered":"<p>Sie erreichen uns: Bus 232: Floridsdorf, Franz Jonasplatz \u2013 Langenzersdorf Hauptplatz (11min) S &#8211; Bahn: Floridsdorf, Bahnhof \u2013 Langenzersdorf (11min) KFZ: B3 (Korneuburger Stra\u00dfe \/ Wiener Stra\u00dfe) An der Hauptstra\u00dfe von Langenzersdorf entlang, vis-a-vis von B\u00fccherei und Gemeindeamt, am Hauptplatz<\/p>\n","protected":false},"author":1,"featured_media":0,"parent":82,"menu_order":155,"comment_status":"closed","ping_status":"closed","template":"page-vitalraum.php","meta":{"footnotes":""},"class_list":["post-142","page","type-page","status-publish","hentry"],"_links":{"self":[{"href":"https:\/\/vitalraum.co.at\/content\/wp-json\/wp\/v2\/pages\/142","targetHints":{"allow":["GET"]}}],"collection":[{"href":"https:\/\/vitalraum.co.at\/content\/wp-json\/wp\/v2\/pages"}],"about":[{"href":"https:\/\/vitalraum.co.at\/content\/wp-json\/wp\/v2\/types\/page"}],"author":[{"embeddable":true,"href":"https:\/\/vitalraum.co.at\/content\/wp-json\/wp\/v2\/users\/1"}],"replies":[{"embeddable":true,"href":"https:\/\/vitalraum.co.at\/content\/wp-json\/wp\/v2\/comments?post=142"}],"version-history":[{"count":22,"href":"https:\/\/vitalraum.co.at\/content\/wp-json\/wp\/v2\/pages\/142\/revisions"}],"predecessor-version":[{"id":3177,"href":"https:\/\/vitalraum.co.at\/content\/wp-json\/wp\/v2\/pages\/142\/revisions\/3177"}],"up":[{"embeddable":true,"href":"https:\/\/vitalraum.co.at\/content\/wp-json\/wp\/v2\/pages\/82"}],"wp:attachment":[{"href":"https:\/\/vitalraum.co.at\/content\/wp-json\/wp\/v2\/media?parent=142"}],"curies":[{"name":"wp","href":"https:\/\/api.w.org\/{rel}","templated":true}]}}