{"id":105,"date":"2010-06-27T23:55:45","date_gmt":"2010-06-27T21:55:45","guid":{"rendered":"http:\/\/vitalraum.co.at\/content\/"},"modified":"2023-07-11T17:38:42","modified_gmt":"2023-07-11T15:38:42","slug":"geschichte","status":"publish","type":"page","link":"https:\/\/vitalraum.co.at\/content\/vitalraum\/geschichte\/","title":{"rendered":"Geschichte"},"content":{"rendered":"<p><img loading=\"lazy\" decoding=\"async\" class=\"alignleft size-full wp-image-325\" title=\"Fahne\" src=\"https:\/\/vitalraum.co.at\/content\/wp-content\/uploads\/2010\/06\/fahne.jpg\" alt=\"Fahne\" width=\"114\" height=\"201\" srcset=\"https:\/\/vitalraum.co.at\/content\/wp-content\/uploads\/2010\/06\/fahne.jpg 114w, https:\/\/vitalraum.co.at\/content\/wp-content\/uploads\/2010\/06\/fahne-65x116.jpg 65w\" sizes=\"auto, (max-width: 114px) 100vw, 114px\" \/><\/p>\n<h4>1985:<\/h4>\n<p>Gr\u00fcndung der Reform-Drogerie Scheer mit einem breiten Angebot an Kosmetik, Nahrungserg\u00e4nzung, Tees, Aroma\u00f6len bis zu klassischen\u00a0 Drogeriewaren.<\/p>\n<h4>2002:<\/h4>\n<p>\u00dcbernahme durch Renate Ginth\u00f6r &#8211; Scheer<br \/>Erweiterung um einen Seminarraum, \u00dcberarbeitung des Sortiments<\/p>\n<p>Der Vitalraum als Zentrum f\u00fcr Naturkost, Sch\u00f6nheit und Entspannung\u00a0 entsteht.<\/p>\n<div id='gallery-1' class='gallery galleryid-105 gallery-columns-3 gallery-size-medium'><figure class='gallery-item'>\n\t\t\t<div class='gallery-icon landscape'>\n\t\t\t\t<img loading=\"lazy\" decoding=\"async\" width=\"116\" height=\"116\" src=\"https:\/\/vitalraum.co.at\/content\/wp-content\/uploads\/2010\/06\/Vitalraum_Drogerie_2_kl.jpg\" class=\"attachment-medium size-medium\" alt=\"\" \/>\n\t\t\t<\/div><\/figure><figure class='gallery-item'>\n\t\t\t<div class='gallery-icon landscape'>\n\t\t\t\t<img loading=\"lazy\" decoding=\"async\" width=\"116\" height=\"116\" src=\"https:\/\/vitalraum.co.at\/content\/wp-content\/uploads\/2010\/06\/Vitalraum_Drogerie_kl.jpg\" class=\"attachment-medium size-medium\" alt=\"\" \/>\n\t\t\t<\/div><\/figure><figure class='gallery-item'>\n\t\t\t<div class='gallery-icon landscape'>\n\t\t\t\t<img loading=\"lazy\" decoding=\"async\" width=\"116\" height=\"116\" src=\"https:\/\/vitalraum.co.at\/content\/wp-content\/uploads\/2010\/06\/eingang.jpg\" class=\"attachment-medium size-medium\" alt=\"Hofeingang\" \/>\n\t\t\t<\/div><\/figure>\n\t\t<\/div>\n\n\n\n<p class=\"has-medium-font-size\"><strong>2023:<\/strong><\/p>\n\n\n\n<p>Generalsanierung und Neuausrichtung<\/p>\n","protected":false},"excerpt":{"rendered":"<p>1985: Gr\u00fcndung der Reform-Drogerie Scheer mit einem breiten Angebot an Kosmetik, Nahrungserg\u00e4nzung, Tees, Aroma\u00f6len bis zu klassischen\u00a0 Drogeriewaren. 2002: \u00dcbernahme durch Renate Ginth\u00f6r &#8211; ScheerErweiterung um einen Seminarraum, \u00dcberarbeitung des Sortiments Der Vitalraum als Zentrum f\u00fcr Naturkost, Sch\u00f6nheit und Entspannung\u00a0<\/p>\n","protected":false},"author":1,"featured_media":0,"parent":82,"menu_order":133,"comment_status":"closed","ping_status":"closed","template":"page-vitalraum.php","meta":{"footnotes":""},"class_list":["post-105","page","type-page","status-publish","hentry"],"_links":{"self":[{"href":"https:\/\/vitalraum.co.at\/content\/wp-json\/wp\/v2\/pages\/105","targetHints":{"allow":["GET"]}}],"collection":[{"href":"https:\/\/vitalraum.co.at\/content\/wp-json\/wp\/v2\/pages"}],"about":[{"href":"https:\/\/vitalraum.co.at\/content\/wp-json\/wp\/v2\/types\/page"}],"author":[{"embeddable":true,"href":"https:\/\/vitalraum.co.at\/content\/wp-json\/wp\/v2\/users\/1"}],"replies":[{"embeddable":true,"href":"https:\/\/vitalraum.co.at\/content\/wp-json\/wp\/v2\/comments?post=105"}],"version-history":[{"count":16,"href":"https:\/\/vitalraum.co.at\/content\/wp-json\/wp\/v2\/pages\/105\/revisions"}],"predecessor-version":[{"id":3171,"href":"https:\/\/vitalraum.co.at\/content\/wp-json\/wp\/v2\/pages\/105\/revisions\/3171"}],"up":[{"embeddable":true,"href":"https:\/\/vitalraum.co.at\/content\/wp-json\/wp\/v2\/pages\/82"}],"wp:attachment":[{"href":"https:\/\/vitalraum.co.at\/content\/wp-json\/wp\/v2\/media?parent=105"}],"curies":[{"name":"wp","href":"https:\/\/api.w.org\/{rel}","templated":true}]}}